{"id":581,"date":"2021-03-11T14:44:01","date_gmt":"2021-03-11T07:44:01","guid":{"rendered":"http:\/\/noithatdiemnhan.vn\/?page_id=581"},"modified":"2024-01-06T11:59:09","modified_gmt":"2024-01-06T04:59:09","slug":"chinh-sach-van-chuyen-va-thanh-toan","status":"publish","type":"page","link":"https:\/\/noithatdiemnhan.vn\/en\/chinh-sach-van-chuyen-va-thanh-toan\/","title":{"rendered":"Shipping and Payment Policy"},"content":{"rendered":"<blockquote><p><span style=\"font-size: 14.4px;\">To\u00e0n b\u1ed9 \u0111\u01a1n h\u00e0ng c\u1ee7a DN HOME s\u1ebd \u0111\u01b0\u1ee3c v\u1eadn chuy\u1ec3n th\u00f4ng qua \u0111\u1ed1i t\u00e1c th\u1ee9 ba. \u0110\u1ec3 \u0111\u01a1n h\u00e0ng \u0111\u01b0\u1ee3c x\u1eed l\u00fd v\u00e0 v\u1eadn chuy\u1ec3n nhanh ch\u00f3ng, Qu\u00fd kh\u00e1ch h\u00e0ng vui l\u00f2ng cung c\u1ea5p th\u00f4ng tin \u0111\u1eb7t h\u00e0ng \u0111\u1ea7y \u0111\u1ee7 v\u00e0 ch\u00ednh x\u00e1c.<\/span><\/p><\/blockquote>\n<h2><span style=\"color: #4ca1af;\"><b>TH\u00d4NG TIN \u0110\u1eb6T H\u00c0NG<\/b><\/span><\/h2>\n<p>Kh\u00e1ch h\u00e0ng c\u00f3 th\u1ec3 \u0111\u1eb7t h\u00e0ng tr\u1ef1c ti\u1ebfp tr\u00ean website: noithatdiemanh.vn ho\u1eb7c g\u1ecdi \u0111\u1ebfn hotline: <span style=\"color: #ed1c24;\"><strong>1800 9398<\/strong><\/span>. Nh\u1eefng th\u00f4ng tin c\u1ea7n cung c\u1ea5p bao g\u1ed3m:<\/p>\n<ul>\n<li>H\u1ecd v\u00e0 T\u00ean<\/li>\n<li>T\u00ean c\u00f4ng ty<\/li>\n<li>\u0110\u1ecba ch\u1ec9, Qu\u1ed1c gia, T\u1ec9nh th\u00e0nh v\u00e0 M\u00e3 b\u01b0u \u0111i\u1ec7n<\/li>\n<li>Phone number<\/li>\n<li>\u0110\u1ecba ch\u1ec9 email<\/li>\n<li>Ghi ch\u00fa \u0111\u01a1n h\u00e0ng<\/li>\n<\/ul>\n<h2><span style=\"color: #4ca1af;\"><b>CHI PH\u00cd V\u1eacN CHUY\u1ec2N<\/b><\/span><\/h2>\n<p>Chi ph\u00ed v\u1eadn chuy\u1ec3n \u0111\u01b0\u1ee3c t\u00ednh theo b\u1ea3ng ph\u00ed v\u1eadn chuy\u1ec3n c\u1ee7a \u0111\u01a1n v\u1ecb th\u1ee9 ba. Chi ph\u00ed n\u00e0y \u0111\u01b0\u1ee3c ch\u00fang t\u00f4i th\u00f4ng b\u00e1o v\u00e0 x\u00e1c nh\u1eadn v\u1edbi b\u1ea1n tr\u01b0\u1edbc khi ti\u1ebfn h\u00e0nh thanh to\u00e1n.<\/p>\n<h2><span style=\"color: #4ca1af;\"><b>TH\u1edcI GIAN V\u1eacN CHUY\u1ec2N<\/b><\/span><\/h2>\n<p>Th\u1eddi gian v\u1eadn chuy\u1ec3n k\u00e9o d\u00e0i trong bao l\u00e2u ph\u1ee5c thu\u1ed9c v\u00e0o: \u0111\u1ecba ch\u1ec9 nh\u1eadn h\u00e0ng v\u00e0 \u0111\u01a1n v\u1ecb v\u1eadn chuy\u1ec3n. Th\u00f4ng th\u01b0\u1eddng th\u00ec th\u1eddi gian v\u1eadn chuy\u1ec3n k\u00e9o d\u00e0i t\u1eeb 1 &#8211; 5 ng\u00e0y l\u00e0m vi\u1ec7c k\u1ec3 t\u1eeb khi \u0111\u1eb7t h\u00e0ng. Sau \u0111\u00e2y l\u00e0 th\u1eddi gian giao h\u00e0ng d\u1ef1 ki\u1ebfn theo t\u1ec9nh th\u00e0nh:<\/p>\n<ul>\n<li>N\u1ed9i th\u00e0nh H\u1ed3 Ch\u00ed Minh: trong v\u00f2ng 1 &#8211; 2 ng\u00e0y<\/li>\n<li>N\u1ed9i th\u00e0nh H\u00e0 N\u1ed9i: trong v\u00f2ng 3 &#8211; 5 ng\u00e0y<\/li>\n<li>C\u00e1c t\u1ec9nh th\u00e0nh kh\u00e1c: trong v\u00f2ng 3 &#8211; 4 ng\u00e0y<\/li>\n<\/ul>\n<h2><span style=\"color: #4ca1af;\"><b>TR\u00c1CH NHI\u1ec6M \u0110\u1ed0I V\u1edaI H\u00c0NG H\u00d3A<\/b><\/span><\/h2>\n<p>DN HOME lu\u00f4n c\u1ed1 g\u1eafng \u0111\u1ec3 \u0111\u1ea3m b\u1ea3o kh\u00e1ch h\u00e0ng lu\u00f4n nh\u1eadn \u0111\u01b0\u1ee3c s\u1ea3n ph\u1ea9m trong tr\u1ea1ng th\u00e1i ho\u00e0n h\u1ea3o nh\u1ea5t. Ch\u00fang t\u00f4i h\u1ea1n ch\u1ebf r\u1ee7i ro h\u01b0 h\u1ecfng h\u00e0ng h\u00f3a trong qu\u00e1 tr\u00ecnh v\u1eadn chuy\u1ec3n b\u1eb1ng c\u00e1ch:<\/p>\n<ul>\n<li>Th\u1ecfa thu\u1eadn v\u1edbi \u0111\u01a1n v\u1ecb v\u1eadn chuy\u1ec3n \u0111\u1ec3 b\u1ea3o hi\u1ec3m c\u00e1c r\u1ee7i ro nh\u01b0 m\u1ea5t m\u00e1t hay h\u01b0 h\u1ea1i trong qu\u00e1 tr\u00ecnh v\u1eadn chuy\u1ec3n.<\/li>\n<li>H\u1ed7 tr\u1ee3 kh\u00e1ch h\u00e0ng ki\u1ec3m h\u00e0ng tr\u01b0\u1edbc khi nh\u1eadn. N\u1ebfu ph\u00e1t hi\u1ec7n v\u1ea5n \u0111\u1ec1 nh\u01b0 h\u01b0 h\u1ea1i, tr\u1ea7y x\u01b0\u1edbc, b\u1ec3 v\u1ee1, m\u00f3p m\u00e9o ho\u1eb7c sai h\u00e0ng h\u00f3a th\u00ec b\u1ea1n c\u00f3 th\u1ec3 li\u00ean h\u1ec7 ngay v\u1edbi b\u1ed9 ph\u1eadn ch\u0103m s\u00f3c kh\u00e1ch h\u00e0ng c\u1ee7a ch\u00fang t\u00f4i \u0111\u1ec3 \u0111\u01b0\u1ee3c h\u1ed7 tr\u1ee3 nhanh ch\u00f3ng nh\u1ea5t.<\/li>\n<\/ul>\n<p>Sau khi nh\u1eadn h\u00e0ng, nh\u1eefng h\u01b0 h\u1ecfng h\u00e0ng h\u00f3a ph\u00e1t sinh s\u1ebd kh\u00f4ng thu\u1ed9c ph\u1ea1m vi \u0111\u01b0\u1ee3c h\u1ed7 tr\u1ee3 \u0111\u1ed5i tr\u1ea3. M\u1eb7t kh\u00e1c, n\u1ebfu s\u1eed d\u1ee5ng d\u1ecbch v\u1ee5 v\u1eadn chuy\u1ec3n do b\u1ea1n ch\u1ec9 \u0111\u1ecbnh th\u00ec \u0111\u01a1n v\u1ecb v\u1eadn chuy\u1ec3n \u0111\u00f3 s\u1ebd ch\u1ecbu tr\u00e1ch nhi\u1ec7m b\u1ea3o hi\u1ec3m ro m\u1ea5t m\u00e1t ho\u1eb7c h\u01b0 h\u1ea1i h\u00e0ng h\u00f3a.<\/p>\n<h2><span style=\"color: #4ca1af;\"><b>PH\u01af\u01a0NG TH\u1ee8C THANH TO\u00c1N<\/b><\/span><\/h2>\n<p>DN HOME h\u1ed7 tr\u1ee3 kh\u00e1ch h\u00e0ng mua s\u1ea3n ph\u1ea9m l\u1ebb qua website nh\u1eefng h\u00ecnh th\u1ee9c thanh to\u00e1n sau:<\/p>\n<ul>\n<li>Thanh to\u00e1n ti\u1ec1n m\u1eb7t khi giao h\u00e0ng (COD)<\/li>\n<li>Chuy\u1ec3n kho\u1ea3n qua ng\u00e2n h\u00e0ng<\/li>\n<\/ul>\n<p>Trong tr\u01b0\u1eddng h\u1ee3p \u0111\u1eb7t h\u00e0ng theo g\u00f3i, ch\u00fang t\u00f4i h\u1ed7 tr\u1ee3 kh\u00e1ch h\u00e0ng thanh to\u00e1n theo t\u1eebng \u0111\u1ee3t: khi k\u00fd h\u1ee3p \u0111\u1ed3ng (30%), giao h\u00e0ng (30%) v\u00e0 l\u1eafp \u0111\u1eb7t (40%).<\/p>\n<p>Hi\u1ec7n t\u1ea1i, <a href=\"https:\/\/noithatdiemnhan.vn\/en\/\"><strong>Interior Highlights<\/strong><\/a> kh\u00f4ng h\u1ed7 tr\u1ee3 \u0111\u1ed1i v\u1edbi h\u00ecnh th\u1ee9c tr\u1ea3 g\u00f3p. M\u1ecdi th\u00f4ng tin chi ti\u1ebft li\u00ean quan \u0111\u1ebfn Ch\u00ednh s\u00e1ch v\u1eadn chuy\u1ec3n v\u00e0 thanh to\u00e1n, xin vui l\u00f2ng li\u00ean h\u1ec7 tr\u1ef1c ti\u1ebfp v\u1edbi ch\u00fang t\u00f4i qua s\u1ed1 hotline: <span style=\"color: #ed1c24;\"><strong>1800 9398<\/strong><\/span>.<\/p>","protected":false},"excerpt":{"rendered":"<p>To\u00e0n b\u1ed9 \u0111\u01a1n h\u00e0ng c\u1ee7a DN HOME s\u1ebd \u0111\u01b0\u1ee3c v\u1eadn chuy\u1ec3n th\u00f4ng qua \u0111\u1ed1i t\u00e1c th\u1ee9 ba. \u0110\u1ec3 \u0111\u01a1n h\u00e0ng \u0111\u01b0\u1ee3c x\u1eed l\u00fd v\u00e0 v\u1eadn chuy\u1ec3n nhanh ch\u00f3ng, Qu\u00fd kh\u00e1ch h\u00e0ng vui l\u00f2ng cung c\u1ea5p th\u00f4ng tin \u0111\u1eb7t h\u00e0ng \u0111\u1ea7y \u0111\u1ee7 v\u00e0 ch\u00ednh x\u00e1c. TH\u00d4NG TIN \u0110\u1eb6T H\u00c0NG Kh\u00e1ch h\u00e0ng c\u00f3 th\u1ec3 \u0111\u1eb7t h\u00e0ng tr\u1ef1c&#8230;<\/p>","protected":false},"author":15,"featured_media":0,"parent":0,"menu_order":0,"comment_status":"closed","ping_status":"closed","template":"","meta":{"_acf_changed":false,"_sitemap_exclude":false,"_sitemap_priority":"","_sitemap_frequency":"","footnotes":""},"class_list":["post-581","page","type-page","status-publish","hentry"],"acf":[],"_links":{"self":[{"href":"https:\/\/noithatdiemnhan.vn\/en\/wp-json\/wp\/v2\/pages\/581","targetHints":{"allow":["GET"]}}],"collection":[{"href":"https:\/\/noithatdiemnhan.vn\/en\/wp-json\/wp\/v2\/pages"}],"about":[{"href":"https:\/\/noithatdiemnhan.vn\/en\/wp-json\/wp\/v2\/types\/page"}],"author":[{"embeddable":true,"href":"https:\/\/noithatdiemnhan.vn\/en\/wp-json\/wp\/v2\/users\/15"}],"replies":[{"embeddable":true,"href":"https:\/\/noithatdiemnhan.vn\/en\/wp-json\/wp\/v2\/comments?post=581"}],"version-history":[{"count":4,"href":"https:\/\/noithatdiemnhan.vn\/en\/wp-json\/wp\/v2\/pages\/581\/revisions"}],"predecessor-version":[{"id":71044,"href":"https:\/\/noithatdiemnhan.vn\/en\/wp-json\/wp\/v2\/pages\/581\/revisions\/71044"}],"wp:attachment":[{"href":"https:\/\/noithatdiemnhan.vn\/en\/wp-json\/wp\/v2\/media?parent=581"}],"curies":[{"name":"wp","href":"https:\/\/api.w.org\/{rel}","templated":true}]}}