{"id":574,"date":"2021-03-11T14:19:50","date_gmt":"2021-03-11T07:19:50","guid":{"rendered":"http:\/\/noithatdiemnhan.vn\/?page_id=574"},"modified":"2024-06-13T15:53:53","modified_gmt":"2024-06-13T08:53:53","slug":"chinh-sach-bao-mat-thong-tin","status":"publish","type":"page","link":"https:\/\/noithatdiemnhan.vn\/en\/chinh-sach-bao-mat-thong-tin\/","title":{"rendered":"Information Security Policy"},"content":{"rendered":"<blockquote><p>DN HOME hi\u1ec3u r\u1eb1ng b\u1ea3o m\u1eadt th\u00f4ng tin c\u00e1 nh\u00e2n l\u00e0 \u0111i\u1ec1u r\u1ea5t quan \u0111\u1ed1i v\u1edbi kh\u00e1ch h\u00e0ng. V\u00ec v\u1eady, ch\u00fang t\u00f4i cam k\u1ebft v\u00e0 n\u1ed7 l\u1ef1c h\u1ebft m\u00ecnh \u0111\u1ec3 b\u1ea3o v\u1ec7 th\u00f4ng tin ri\u00eang t\u01b0 c\u1ee7a b\u1ea1n.<\/p><\/blockquote>\n<p>Sau \u0111\u00e2y l\u00e0 Ch\u00ednh s\u00e1ch b\u1ea3o m\u1eadt, bao g\u1ed3m c\u00e1ch ch\u00fang t\u00f4i thu th\u1eadp, s\u1eed d\u1ee5ng v\u00e0 b\u1ea3o v\u1ec7 th\u00f4ng tin kh\u00e1ch h\u00e0ng. N\u1ebfu b\u1ea1n \u0111\u1ed3ng \u00fd s\u1eed d\u1ee5ng s\u1ea3n ph\u1ea9m ho\u1eb7c d\u1ecbch v\u1ee5 \u0111\u01b0\u1ee3c cung c\u1ea5p b\u1edfi DN HOME th\u00ec c\u00f3 ngh\u0129a l\u00e0 b\u1ea1n ho\u00e0n to\u00e0n \u0111\u1ed3ng \u00fd v\u1edbi Ch\u00ednh s\u00e1ch b\u1ea3o m\u1eadt c\u1ee7a ch\u00fang t\u00f4i.<\/p>\n<h2><span style=\"color: #4ca1af;\"><b>C\u00c1CH THU TH\u1eacP TH\u00d4NG TIN<\/b><\/span><\/h2>\n<p>T\u1ea5t c\u1ea3 th\u00f4ng tin DN HOME c\u00f3 \u0111\u01b0\u1ee3c l\u00e0 do kh\u00e1ch h\u00e0ng ch\u1ee7 \u0111\u1ed9ng cung c\u1ea5p qua bi\u1ec3u m\u1eabu, email ho\u1eb7c \u0111i\u1ec7n tho\u1ea1i. Nh\u1eefng th\u00f4ng tin ch\u00fang t\u00f4i thu th\u1eadp bao g\u1ed3m:<\/p>\n<ul>\n<li>T\u00ean c\u00f4ng ty, c\u1eeda h\u00e0ng, \u0111\u01a1n v\u1ecb kinh doanh<\/li>\n<li>H\u1ecd t\u00ean kh\u00e1ch h\u00e0ng, tu\u1ed5i, \u0111\u1ecba ch\u1ec9 c\u01b0 tr\u00fa<\/li>\n<li>S\u1ed1 \u0111i\u1ec7n tho\u1ea1i li\u00ean h\u1ec7<\/li>\n<li>\u0110\u1ecba ch\u1ec9 email<\/li>\n<li>Th\u00f4ng tin ng\u00e2n h\u00e0ng<\/li>\n<li>\u0110\u1ecba ch\u1ec9 giao h\u00e0ng<\/li>\n<\/ul>\n<h2><span style=\"color: #4ca1af;\"><b>PH\u1ea0M VI S\u1eec D\u1ee4NG TH\u00d4NG TIN<\/b><\/span><\/h2>\n<p>Th\u00f4ng tin kh\u00e1ch h\u00e0ng \u0111\u01b0\u1ee3c s\u1eed d\u1ee5ng nh\u1eb1m m\u1ee5c \u0111\u00edch c\u1ea3i ti\u1ebfn s\u1ea3n ph\u1ea9m v\u00e0 n\u00e2ng cao ch\u1ea5t l\u01b0\u1ee3ng d\u1ecbch v\u1ee5. Ch\u00fang t\u00f4i s\u1eed d\u1ee5ng th\u00f4ng tin c\u1ee7a b\u1ea1n \u0111\u1ec3:<\/p>\n<ul>\n<li>Gi\u1ea3i \u0111\u00e1p th\u1eafc m\u1eafc li\u00ean quan \u0111\u1ebfn s\u1ea3n ph\u1ea9m, d\u1ecbch v\u1ee5, quy tr\u00ecnh v\u00e0 ch\u00ednh s\u00e1ch kh\u00e1ch h\u00e0ng.<\/li>\n<li>Cung c\u1ea5p cho kh\u00e1ch h\u00e0ng nh\u1eefng th\u00f4ng tin v\u1ec1 s\u1ea3n ph\u1ea9m, d\u1ecbch v\u1ee5, h\u00ecnh th\u1ee9c giao h\u00e0ng, h\u00ecnh th\u1ee9c thanh to\u00e1n,&#8230; nhanh ch\u00f3ng v\u00e0 ch\u00ednh x\u00e1c nh\u1ea5t.<\/li>\n<li>Mang l\u1ea1i d\u1ecbch v\u1ee5 kh\u00e1ch h\u00e0ng t\u1ed1t nh\u1ea5t gi\u00fap ti\u1ebft ki\u1ec7m th\u1eddi gian v\u00e0 chi ph\u00ed c\u1ee7a kh\u00e1ch h\u00e0ng.<\/li>\n<li>H\u1ed7 tr\u1ee3 x\u1eed l\u00fd nh\u1eefng v\u1ea5n \u0111\u1ec1 ph\u00e1t sinh nhanh ch\u00f3ng v\u00e0 k\u1ecbp th\u1eddi nh\u1ea5t.<\/li>\n<li>Kh\u1ea3o s\u00e1t \u00fd ki\u1ebfn kh\u00e1ch h\u00e0ng \u0111\u1ec3 c\u1ea3i thi\u1ec7n ch\u1ea5t l\u01b0\u1ee3ng s\u1ea3n ph\u1ea9m v\u00e0 d\u1ecbch v\u1ee5.<\/li>\n<li>G\u1eedi email th\u00f4ng b\u00e1o c\u00e1c ch\u01b0\u01a1ng tr\u00ecnh, s\u1ef1 ki\u1ec7n v\u00e0 \u01b0u \u0111\u00e3i \u0111ang \u0111\u01b0\u1ee3c tri\u1ec3n khai.<\/li>\n<\/ul>\n<h2><span style=\"color: #4ca1af;\"><b>B\u1ea2O M\u1eacT TH\u00d4NG TIN KH\u00c1CH H\u00c0NG<\/b><\/span><\/h2>\n<p>DN HOME cam k\u1ebft kh\u00f4ng t\u1ef1 \u00fd cung c\u1ea5p th\u00f4ng tin c\u00e1 nh\u00e2n c\u1ee7a kh\u00e1ch h\u00e0ng cho b\u00ean th\u1ee9 ba. Ngo\u1ea1i tr\u1eeb nh\u01b0ng kh\u00f4ng gi\u1edbi h\u1ea1n nh\u1eefng tr\u01b0\u1eddng h\u1ee3p sau:<\/p>\n<ul>\n<li>\u0110\u01b0\u1ee3c kh\u00e1ch h\u00e0ng cho ph\u00e9p chia s\u1ebb th\u00f4ng tin.<\/li>\n<li>B\u00ean th\u1ee9 ba \u0111\u01b0\u1ee3c kh\u00e1ch h\u00e0ng \u1ee7y quy\u1ec1n y\u00eau c\u1ea7u ch\u00fang t\u00f4i cung c\u1ea5p th\u00f4ng tin.<\/li>\n<li>C\u00f3 y\u00eau c\u1ea7u t\u1eeb c\u01a1 quan c\u00f3 th\u1ea9m quy\u1ec1n ho\u1eb7c ch\u00fang t\u00f4i tin r\u1eb1ng h\u00e0nh \u0111\u1ed9ng cung c\u1ea5p th\u00f4ng tin cho c\u01a1 quan c\u00f3 th\u1ea9m quy\u1ec1n l\u00e0 c\u1ea7n thi\u1ebft theo quy \u0111\u1ecbnh c\u1ee7a ph\u00e1p lu\u1eadt.<\/li>\n<li>\u0110\u1ec3 tr\u00e1nh g\u00e2y t\u1ed5n th\u1ea5t, b\u1ea3o v\u1ec7 s\u1ef1 an to\u00e0n v\u00e0 quy\u1ec1n l\u1ee3i h\u1ee3p ph\u00e1p c\u1ee7a c\u00e1 nh\u00e2n ho\u1eb7c t\u1ed5 ch\u1ee9c kh\u00e1c.<\/li>\n<\/ul>\n<h2><span style=\"color: #4ca1af;\"><b>L\u01afU TR\u1eee V\u00c0 B\u1ea2O V\u1ec6 TH\u00d4NG TIN<\/b><\/span><\/h2>\n<p>DN HOME l\u01b0u tr\u1eef th\u00f4ng tin c\u1ee7a kh\u00e1ch h\u00e0ng tr\u00ean m\u00e1y ch\u1ee7 \u0111\u01b0\u1ee3c b\u1ea3o v\u1ec7 b\u1eb1ng c\u00e1c bi\u1ec7n ph\u00e1p v\u1eadt l\u00fd v\u00e0 bi\u1ec7n ph\u00e1p k\u1ef9 thu\u1eadt nh\u01b0: m\u00e3 h\u00f3a, t\u01b0\u1eddng l\u1eeda, qu\u00e9t virus,&#8230; nh\u1eb1m ng\u0103n ch\u1eb7n h\u00e0nh vi truy c\u1eadp tr\u00e1i ph\u00e9p \u0111\u1ec3 \u0111\u00e1nh c\u1eafp th\u00f4ng tin kh\u00e1ch h\u00e0ng.<\/p>\n<h2><span style=\"color: #4ca1af;\"><b>TH\u1edcI GIAN L\u01afU TR\u1eee TH\u00d4NG TIN<\/b><\/span><\/h2>\n<p>Th\u00f4ng tin kh\u00e1ch h\u00e0ng cung c\u1ea5p \u0111\u01b0\u1ee3c DN HOME l\u01b0u tr\u1eef trong c\u01a1 s\u1edf d\u1eef li\u1ec7u cho \u0111\u1ebfn khi h\u1ebft th\u1eddi gian b\u1ea3o h\u00e0nh s\u1ea3n ph\u1ea9m\/d\u1ecbch v\u1ee5. Ho\u1eb7c khi kh\u00e1ch h\u00e0ng y\u00eau c\u1ea7u h\u1ee7y c\u00e1c th\u00f4ng tin \u0111\u00e3 cung c\u1ea5p.<\/p>\n<p>Ch\u00ednh s\u00e1ch b\u1ea3o m\u1eadt n\u00e0y n\u1ebfu c\u00f3 thay \u0111\u1ed5i th\u00ec b\u1ea3n ch\u1ec9nh s\u1eeda th\u00ec s\u1ebd \u0111\u01b0\u1ee3c \u0111\u0103ng t\u1ea3i t\u1ea1i trang Ch\u00ednh s\u00e1ch b\u1ea3o m\u1eadt tr\u00ean website: <strong><a href=\"https:\/\/noithatdiemnhan.vn\/en\/\" target=\"_blank\" rel=\"noopener\">https:\/\/noithatdiemnhan.vn<\/a><\/strong>. Phi\u00ean b\u1ea3n s\u1eeda \u0111\u1ed5i b\u1eaft \u0111\u1ea7u c\u00f3 hi\u1ec7u l\u1ef1c k\u1ec3 t\u1eeb th\u1eddi \u0111i\u1ec3m \u0111\u0103ng t\u1ea3i.<\/p>","protected":false},"excerpt":{"rendered":"<p>DN HOME hi\u1ec3u r\u1eb1ng b\u1ea3o m\u1eadt th\u00f4ng tin c\u00e1 nh\u00e2n l\u00e0 \u0111i\u1ec1u r\u1ea5t quan \u0111\u1ed1i v\u1edbi kh\u00e1ch h\u00e0ng. V\u00ec v\u1eady, ch\u00fang t\u00f4i cam k\u1ebft v\u00e0 n\u1ed7 l\u1ef1c h\u1ebft m\u00ecnh \u0111\u1ec3 b\u1ea3o v\u1ec7 th\u00f4ng tin ri\u00eang t\u01b0 c\u1ee7a b\u1ea1n. Sau \u0111\u00e2y l\u00e0 Ch\u00ednh s\u00e1ch b\u1ea3o m\u1eadt, bao g\u1ed3m c\u00e1ch ch\u00fang t\u00f4i thu th\u1eadp, s\u1eed d\u1ee5ng v\u00e0&#8230;<\/p>","protected":false},"author":15,"featured_media":0,"parent":0,"menu_order":0,"comment_status":"closed","ping_status":"closed","template":"","meta":{"_acf_changed":false,"_sitemap_exclude":false,"_sitemap_priority":"","_sitemap_frequency":"","footnotes":""},"class_list":["post-574","page","type-page","status-publish","hentry"],"acf":[],"_links":{"self":[{"href":"https:\/\/noithatdiemnhan.vn\/en\/wp-json\/wp\/v2\/pages\/574","targetHints":{"allow":["GET"]}}],"collection":[{"href":"https:\/\/noithatdiemnhan.vn\/en\/wp-json\/wp\/v2\/pages"}],"about":[{"href":"https:\/\/noithatdiemnhan.vn\/en\/wp-json\/wp\/v2\/types\/page"}],"author":[{"embeddable":true,"href":"https:\/\/noithatdiemnhan.vn\/en\/wp-json\/wp\/v2\/users\/15"}],"replies":[{"embeddable":true,"href":"https:\/\/noithatdiemnhan.vn\/en\/wp-json\/wp\/v2\/comments?post=574"}],"version-history":[{"count":4,"href":"https:\/\/noithatdiemnhan.vn\/en\/wp-json\/wp\/v2\/pages\/574\/revisions"}],"predecessor-version":[{"id":71043,"href":"https:\/\/noithatdiemnhan.vn\/en\/wp-json\/wp\/v2\/pages\/574\/revisions\/71043"}],"wp:attachment":[{"href":"https:\/\/noithatdiemnhan.vn\/en\/wp-json\/wp\/v2\/media?parent=574"}],"curies":[{"name":"wp","href":"https:\/\/api.w.org\/{rel}","templated":true}]}}