{"id":565,"date":"2021-03-11T14:04:08","date_gmt":"2021-03-11T07:04:08","guid":{"rendered":"http:\/\/noithatdiemnhan.vn\/?page_id=565"},"modified":"2024-06-13T15:36:30","modified_gmt":"2024-06-13T08:36:30","slug":"chinh-sach-doi-tra-va-hoan-tien","status":"publish","type":"page","link":"https:\/\/noithatdiemnhan.vn\/en\/chinh-sach-doi-tra-va-hoan-tien\/","title":{"rendered":"Return and Refund Policy"},"content":{"rendered":"<p>Qu\u00fd kh\u00e1ch vui l\u00f2ng ki\u1ec3m tra s\u1ea3n ph\u1ea9m tr\u01b0\u1edbc khi nh\u1eadn h\u00e0ng. N\u1ebfu c\u00f3 d\u1ea5u hi\u1ec7u b\u1ea5t th\u01b0\u1eddng, h\u00e3y li\u00ean h\u1ec7 B\u1ed9 ph\u1eadn ch\u0103m s\u00f3c kh\u00e1ch h\u00e0ng c\u1ee7a DN HOME \u0111\u1ec3 \u0111\u01b0\u1ee3c h\u1ed7 tr\u1ee3 x\u1eed l\u00fd nhanh ch\u00f3ng nh\u1ea5t.<\/p>\n<h2><span style=\"color: #4ca1af;\"><b>NH\u1eeeNG TR\u01af\u1edcNG H\u1ee2P \u00c1P D\u1ee4NG CH\u00cdNH S\u00c1CH \u0110\u1ed4I TR\u1ea2<\/b><\/span><\/h2>\n<p>Hi\u1ec7n t\u1ea1i, DN HOME \u0111ang h\u1ed7 tr\u1ee3 kh\u00e1ch h\u00e0ng th\u1ef1c hi\u1ec7n \u0111\u1ed5i tr\u1ea3 h\u00e0ng h\u00f3a \u0111\u1ed1i v\u1edbi nh\u1eefng tr\u01b0\u1eddng h\u1ee3p sau:<\/p>\n<h3><b>1. S\u1ea3n ph\u1ea9m b\u1ecb l\u1ed7i<\/b><\/h3>\n<p>Khi ki\u1ec3m tra h\u00e0ng, n\u1ebfu ph\u00e1t hi\u1ec7n s\u1ea3n ph\u1ea9m b\u1ea5t k\u1ef3 h\u01b0 h\u1ecfng n\u00e0o ph\u00e1t sinh trong qu\u00e1 tr\u00ecnh v\u1eadn chuy\u1ec3n ho\u1eb7c do l\u1ed7i s\u1ea3n xu\u1ea5t, h\u00e3y t\u1eeb ch\u1ed1i \u0111\u01a1n h\u00e0ng, g\u1eedi tr\u1ea3 s\u1ea3n ph\u1ea9m v\u00e0 li\u00ean h\u1ec7 qua hotline c\u1ee7a DN HOME. Ch\u00fang t\u00f4i s\u1ebd kh\u1eafc ph\u1ee5c l\u1ed7i v\u00e0 g\u1eedi l\u1ea1i s\u1ea3n ph\u1ea9m thay th\u1ebf.<\/p>\n<h3><b>2. S\u1ea3n ph\u1ea9m kh\u00f4ng \u0111\u00fang theo \u0111\u01a1n \u0111\u1eb7t h\u00e0ng<\/b><\/h3>\n<p>Trong tr\u01b0\u1eddng h\u1ee3p nh\u1eadn h\u00e0ng v\u00e0 ki\u1ec3m tra ph\u00e1t hi\u1ec7n s\u1ea3n ph\u1ea9m kh\u00f4ng \u0111\u00fang theo \u0111\u01a1n \u0111\u1eb7t h\u00e0ng, h\u00e3y li\u00ean h\u1ec7 DN HOME ngay l\u1eadp t\u00e1c \u0111\u1ec3 \u0111\u01b0\u1ee3c h\u1ed7 tr\u1ee3 nhanh ch\u00f3ng nh\u1ea5t. Ch\u00fang t\u00f4i s\u1ebd ki\u1ec3m tra l\u1ea1i v\u00e0 thay th\u1ebf \u0111\u00fang s\u1ea3n ph\u1ea9m b\u1ea1n \u0111\u00e3 \u0111\u1eb7t n\u1ebfu giao nh\u1ea7m h\u00e0ng.<\/p>\n<h3><b>3. S\u1ea3n ph\u1ea9m kh\u00f4ng \u01b0ng \u00fd<\/b><\/h3>\n<p>Trong th\u1eddi h\u1ea1n \u0111\u1ed5i tr\u1ea3, b\u1ea1n c\u00f3 th\u1ec3 \u0111\u1ed5i s\u1ea3n ph\u1ea9m \u0111\u00e3 nh\u1eadn nh\u01b0ng kh\u00f4ng \u01b0ng \u00fd \u0111\u1ec3 l\u1ea5y s\u1ea3n ph\u1ea9m kh\u00e1c. Ch\u01b0\u01a1ng tr\u00ecnh ch\u1ec9 \u00e1p d\u1ee5ng \u0111\u1ed1i v\u1edbi s\u1ea3n ph\u1ea9m c\u00f3 s\u1eb5n t\u1ea1i DN HOME v\u00e0 kh\u00f4ng \u00e1p d\u1ee5ng \u0111\u1ed1i v\u1edbi h\u00e0ng \u0111\u1eb7t.<\/p>\n<h2><span style=\"color: #4ca1af;\"><b>\u0110I\u1ec0U KI\u1ec6N \u0110\u1ed4I TR\u1ea2<\/b><\/span><\/h2>\n<p>S\u1ea3n ph\u1ea9m \u0111\u01b0\u1ee3c \u0111\u1ed5i tr\u1ea3 n\u1ebfu \u0111\u00e1p \u1ee9ng \u0111\u01b0\u1ee3c nh\u1eefng \u0111i\u1ec1u ki\u1ec7n sau:<\/p>\n<ul>\n<li>S\u1ea3n ph\u1ea9m c\u00f2n m\u1edbi, kh\u00f4ng c\u00f3 d\u1ea5u hi\u1ec7u s\u1eed d\u1ee5ng hay b\u1ecb l\u1ed7i h\u00ecnh th\u1ee9c (tr\u1ea7y x\u01b0\u1edbc, v\u1ee1, m\u00f3p m\u00e9o, phai m\u00e0u,\u2026).<\/li>\n<li>S\u1ea3n ph\u1ea9m c\u00f2n \u0111\u1ea7y \u0111\u1ee7 h\u1ed9p, v\u1ecf bao,&#8230; v\u00e0 c\u00f2n nguy\u00ean tem ni\u00eam phong.<\/li>\n<li>Cung c\u1ea5p \u0111\u1ea7y \u0111\u1ee7 gi\u1ea5y t\u1edd k\u00e8m theo (ch\u1ee9ng t\u1eeb mua h\u00e0ng, h\u00f3a \u0111\u01a1n VAT,&#8230;) v\u00e0 qu\u00e0 t\u1eb7ng k\u00e8m (n\u1ebfu c\u00f3).<\/li>\n<li>V\u1eabn c\u00f2n th\u1eddi gian \u0111\u1ed5i tr\u1ea3 (trong v\u00f2ng 7 ng\u00e0y ho\u1eb7c m\u1ed9t kho\u1ea3ng th\u1eddi gian \u0111\u01b0\u1ee3c quy \u0111\u1ecbnh c\u1ee5 th\u1ec3 trong ph\u1ee5 l\u1ee5c h\u1ee3p \u0111\u1ed3ng).<\/li>\n<\/ul>\n<p>N\u1ebfu kh\u00f4ng \u0111\u00e1p \u1ee9ng \u0111\u1ee7 c\u00e1c \u0111i\u1ec1u ki\u1ec7n tr\u00ean th\u00ec DN HOME c\u00f3 quy\u1ec1n t\u1eeb ch\u1ed1i \u0111\u1ed5i tr\u1ea3 h\u00e0ng.<\/p>\n<h2><span style=\"color: #4ca1af;\"><b>NH\u1eeeNG TR\u01af\u1edcNG H\u1ee2P KH\u00d4NG \u0110\u01af\u1ee2C CH\u1ea4P NH\u1eacN<\/b><\/span><\/h2>\n<p>Nh\u1eefng tr\u01b0\u1eddng h\u1ee3p t\u1eeb ch\u1ed1i \u0111\u1ed5i tr\u1ea3 bao g\u1ed3m:<\/p>\n<ul>\n<li>Kh\u00e1ch h\u00e0ng mu\u1ed1n thay \u0111\u1ed5i ch\u1ee7ng lo\u1ea1i, m\u1eabu m\u00e3 s\u1ea3n ph\u1ea9m nh\u01b0ng kh\u00f4ng th\u00f4ng b\u00e1o tr\u01b0\u1edbc.<\/li>\n<li>S\u1ea3n ph\u1ea9m b\u1ecb h\u1ecfng h\u00f3c s\u1ea3n ph\u1ea9m do kh\u00e1ch h\u00e0ng b\u1ea3o qu\u1ea3n kh\u00f4ng \u0111\u00fang ch\u1ec9 d\u1eabn.<\/li>\n<li>Kh\u00e1ch h\u00e0ng t\u1ef1 l\u00e0m \u1ea3nh h\u01b0\u1edfng \u0111\u1ebfn ngo\u1ea1i quan s\u1ea3n ph\u1ea9m nh\u01b0 r\u00e1ch bao b\u00ec, tr\u1ea7y, x\u01b0\u1edbc, v\u1ee1,\u2026<\/li>\n<li>S\u1ea3n ph\u1ea9m g\u1eb7p l\u1ed7i h\u00ecnh th\u1ee9c (tr\u1ea7y x\u01b0\u1edbc, m\u00f3p m\u00e9o, \u1ed1 v\u00e0ng, v\u1ee1\u2026) sau khi kh\u00e1ch h\u00e0ng \u0111\u00e3 ki\u1ec3m tra v\u00e0 nh\u1eadn b\u00e0n giao.<\/li>\n<\/ul>\n<h2><span style=\"color: #4ca1af;\"><b>QUY TR\u00ccNH \u0110\u1ed4I TR\u1ea2 H\u00c0NG<\/b><\/span><\/h2>\n<p>Khi c\u1ea7n h\u1ed7 tr\u1ee3, kh\u00e1ch h\u00e0ng c\u00f3 th\u1ec3 li\u00ean h\u1ec7 tr\u1ef1c ti\u1ebfp b\u1ed9 ph\u1eadn ch\u0103m s\u00f3c kh\u00e1ch h\u00e0ng qua s\u1ed1 hotline: <span style=\"color: #ed1c24;\"><strong>1800 9398 <\/strong><\/span><\/p>\n<p>Sau khi x\u00e1c nh\u1eadn \u0111\u01b0\u1ee3c t\u00ecnh tr\u1ea1ng s\u1ea3n ph\u1ea9m v\u00e0 nh\u1eadn \u0111\u01b0\u1ee3c \u0111\u1ea7y \u0111\u1ee7 ch\u1ee9ng t\u1eeb, ch\u00fang t\u00f4i s\u1ebd h\u1ed7 tr\u1ee3 \u0111\u1ed5i tr\u1ea3 h\u00e0ng theo \u0111\u00fang quy \u0111\u1ecbnh c\u1ee7a c\u00f4ng ty. Qu\u00e1 tr\u00ecnh x\u1eed l\u00fd \u0111\u1ed5i ho\u1eb7c tr\u1ea3 h\u00e0ng \u0111\u01b0\u1ee3c th\u1ef1c hi\u1ec7n trong v\u00f2ng 3 &#8211; 5 ng\u00e0y l\u00e0m vi\u1ec7c k\u1ec3 t\u1eeb l\u00fac c\u00f4ng ty nh\u1eadn \u0111\u1ee7 th\u00f4ng tin v\u00e0 c\u00e1c gi\u1ea5y t\u1edd theo quy \u0111\u1ecbnh t\u1eeb kh\u00e1ch h\u00e0ng.<\/p>\n<h2><span style=\"color: #4ca1af;\"><b>NH\u1eeeNG L\u01afU \u00dd KH\u00c1C<\/b><\/span><\/h2>\n<p>\u0110\u1ed1i v\u1edbi d\u1ecbch v\u1ee5 <a href=\"https:\/\/noithatdiemnhan.vn\/en\/thiet-ke-noi-that\/\"><strong>interior design<\/strong><\/a> \u2013 <a href=\"https:\/\/noithatdiemnhan.vn\/en\/thi-cong-noi-that\/\"><strong>interior construction<\/strong><\/a>:<\/p>\n<ul>\n<li>Th\u1eddi gian hi\u1ec7u l\u1ef1c v\u00e0 chi ph\u00ed cho vi\u1ec7c \u0111\u1ed5i tr\u1ea3 \u0111\u01b0\u1ee3c hai b\u00ean th\u1ecfa thu\u1eadn b\u1eb1ng c\u00e1c ph\u1ee5 l\u1ee5c h\u1ee3p \u0111\u1ed3ng.<\/li>\n<li>C\u00e1c ch\u00ednh s\u00e1ch giao nh\u1eadn, \u0111\u1ed5i tr\u1ea3 v\u00e0 ho\u00e0n ti\u1ec1n c\u00f3 th\u1ec3 \u0111\u01b0\u1ee3c ch\u1ec9nh s\u1eeda hay b\u1ed5 sung trong qu\u00e1 tr\u00ecnh cung c\u1ea5p d\u1ecbch v\u1ee5.<\/li>\n<\/ul>\n<p><a href=\"https:\/\/noithatdiemnhan.vn\/en\/\"><strong>Interior Highlights<\/strong><\/a> lu\u00f4n hoan ngh\u00eanh c\u00e1c \u00fd ki\u1ebfn \u0111\u00f3ng g\u00f3p v\u00e0 ph\u1ea3n h\u1ed3i t\u1eeb ph\u00eda kh\u00e1ch h\u00e0ng. M\u1ecdi th\u1eafc m\u1eafc xin vui l\u00f2ng li\u00ean h\u1ec7 qua \u0111\u1ecba ch\u1ec9 email: <a href=\"mailto:noithat@diemnhan.net\" target=\"_blank\" rel=\"noopener\">noithat@diemnhan.net<\/a><\/p>","protected":false},"excerpt":{"rendered":"<p>Qu\u00fd kh\u00e1ch vui l\u00f2ng ki\u1ec3m tra s\u1ea3n ph\u1ea9m tr\u01b0\u1edbc khi nh\u1eadn h\u00e0ng. N\u1ebfu c\u00f3 d\u1ea5u hi\u1ec7u b\u1ea5t th\u01b0\u1eddng, h\u00e3y li\u00ean h\u1ec7 B\u1ed9 ph\u1eadn ch\u0103m s\u00f3c kh\u00e1ch h\u00e0ng c\u1ee7a DN HOME \u0111\u1ec3 \u0111\u01b0\u1ee3c h\u1ed7 tr\u1ee3 x\u1eed l\u00fd nhanh ch\u00f3ng nh\u1ea5t. NH\u1eeeNG TR\u01af\u1edcNG H\u1ee2P \u00c1P D\u1ee4NG CH\u00cdNH S\u00c1CH \u0110\u1ed4I TR\u1ea2 Hi\u1ec7n t\u1ea1i, DN HOME \u0111ang h\u1ed7 tr\u1ee3&#8230;<\/p>","protected":false},"author":15,"featured_media":0,"parent":0,"menu_order":0,"comment_status":"closed","ping_status":"closed","template":"","meta":{"_acf_changed":false,"_sitemap_exclude":false,"_sitemap_priority":"","_sitemap_frequency":"","footnotes":""},"class_list":["post-565","page","type-page","status-publish","hentry"],"acf":[],"_links":{"self":[{"href":"https:\/\/noithatdiemnhan.vn\/en\/wp-json\/wp\/v2\/pages\/565","targetHints":{"allow":["GET"]}}],"collection":[{"href":"https:\/\/noithatdiemnhan.vn\/en\/wp-json\/wp\/v2\/pages"}],"about":[{"href":"https:\/\/noithatdiemnhan.vn\/en\/wp-json\/wp\/v2\/types\/page"}],"author":[{"embeddable":true,"href":"https:\/\/noithatdiemnhan.vn\/en\/wp-json\/wp\/v2\/users\/15"}],"replies":[{"embeddable":true,"href":"https:\/\/noithatdiemnhan.vn\/en\/wp-json\/wp\/v2\/comments?post=565"}],"version-history":[{"count":11,"href":"https:\/\/noithatdiemnhan.vn\/en\/wp-json\/wp\/v2\/pages\/565\/revisions"}],"predecessor-version":[{"id":71041,"href":"https:\/\/noithatdiemnhan.vn\/en\/wp-json\/wp\/v2\/pages\/565\/revisions\/71041"}],"wp:attachment":[{"href":"https:\/\/noithatdiemnhan.vn\/en\/wp-json\/wp\/v2\/media?parent=565"}],"curies":[{"name":"wp","href":"https:\/\/api.w.org\/{rel}","templated":true}]}}