{"id":445,"date":"2021-03-08T14:02:40","date_gmt":"2021-03-08T07:02:40","guid":{"rendered":"http:\/\/noithatdiemnhan.vn\/?page_id=445"},"modified":"2024-06-13T15:38:41","modified_gmt":"2024-06-13T08:38:41","slug":"quy-trinh-lam-viec","status":"publish","type":"page","link":"https:\/\/noithatdiemnhan.vn\/en\/quy-trinh-lam-viec\/","title":{"rendered":"Quy tr\u00ecnh l\u00e0m vi\u1ec7c"},"content":{"rendered":"<p style=\"text-align: justify;\">\t<section class=\"section\" id=\"section_792934589\">\n\t\t<div class=\"bg section-bg fill bg-fill bg-loaded bg-loaded\" >\n\n\t\t\t\n\t\t\t\n\t\t\t\n\n\t\t<\/div>\n\n\t\t<div class=\"section-content relative\">\n\t\t\t\n<p style=\"text-align: justify;\"><div class=\"row\"  id=\"row-689451546\">\n<p style=\"text-align: justify;\">\n\t<div id=\"col-537537442\" class=\"col small-12 large-12\"  >\n\t\t\t\t<div class=\"col-inner\"  >\n\t\t\t\n\t\t\t\n<p style=\"text-align: justify;\">Ch\u00fang t\u00f4i s\u1ebd gi\u00fap b\u1ea1n hi\u1ec3u \u0111\u01b0\u1ee3c qu\u00e1 tr\u00ecnh thi\u1ebft k\u1ebf v\u00e0 thi c\u00f4ng n\u1ed9i th\u1ea5t, t\u1eeb \u0111\u00f3 c\u00f3 \u0111\u01b0\u1ee3c tr\u1ea3i nghi\u1ec7m d\u1ecbch v\u1ee5 ho\u00e0n h\u1ea3o nh\u1ea5t. Sau \u0111\u00e2y l\u00e0 quy tr\u00ecnh 5 b\u01b0\u1edbc r\u00f5 r\u00e0ng \u0111\u1ec3 b\u1ea1n c\u00f3 th\u1ec3 d\u1ec5 d\u00e0ng n\u1eafm \u0111\u01b0\u1ee3c ti\u1ebfn \u0111\u1ed9 d\u1ef1 \u00e1n v\u00e0 nhanh ch\u00f3ng \u0111i\u1ec1u ch\u1ec9nh nh\u1eb1m \u0111\u1ea3m b\u1ea3o ch\u1ea5t l\u01b0\u1ee3ng c\u00f4ng tr\u00ecnh sau khi ho\u00e0n thi\u1ec7n.<\/p>\n<p style=\"text-align: justify;\">\t<div class=\"img has-hover x md-x lg-x y md-y lg-y\" id=\"image_263899167\">\n\t\t\t\t\t\t\t\t<div class=\"img-inner dark\" >\n\t\t\t<img decoding=\"async\" width=\"1280\" height=\"1906\" src=\"https:\/\/cdn.diemnhangroup.com\/noithatdiemnhan\/2021\/03\/QUY-TRINH-CHI-TIET.jpg\" class=\"attachment-original size-original\" alt=\"quy tr\u00ecnh thi\u1ebft k\u1ebf v\u00e0 thi c\u00f4ng DN HOME\" \/>\t\t\t\t\t\t\n\t\t\t\t\t<\/div>\n\t\t\t\t\t\t\t\t\n<style>\n#image_263899167 {\n  width: 100%;\n}\n<\/style>\n\t<\/div>\n\t\n<p style=\"text-align: justify;\">\t<div id=\"text-2167398772\" class=\"text\">\n\t\t\n<p style=\"text-align: center;\"><em>Quy tr\u00ecnh thi\u1ebft k\u1ebf v\u00e0 thi c\u00f4ng n\u1ed9i th\u1ea5t chi ti\u1ebft<\/em><\/p>\n<p style=\"text-align: justify;\">\t\t\n<style>\n#text-2167398772 {\n  text-align: center;\n}\n<\/style>\n\t<\/div>\n\t\n<p style=\"text-align: justify;\"><div class=\"container section-title-container\" ><h2 class=\"section-title section-title-normal\"><b><\/b><span class=\"section-title-main\" style=\"font-size:80%;color:rgb(28, 161, 175);\"><i class=\"icon-play\" ><\/i>B\u01b0\u1edbc 1: G\u1eb7p g\u1ee1, trao \u0111\u1ed5i v\u00e0 kh\u1ea3o s\u00e1t m\u1eb7t b\u1eb1ng<\/span><b><\/b><\/h2><\/div>\n<p style=\"text-align: justify;\">Khi c\u00f3 nhu c\u1ea7u v\u1ec1 <a href=\"https:\/\/noithatdiemnhan.vn\/en\/thiet-ke-noi-that\/\"><strong>interior design<\/strong><\/a> \u2013 <a href=\"https:\/\/noithatdiemnhan.vn\/en\/thi-cong-noi-that\/\"><strong>interior construction<\/strong><\/a>, b\u1ea1n c\u00f3 th\u1ec3 li\u00ean h\u1ec7 v\u1edbi ch\u00fang t\u00f4i tr\u1ef1c ti\u1ebfp qua:<\/p>\n<ul style=\"text-align: justify;\">\n<li>Hotline: <span style=\"font-size: 14pt; color: #ed1c24;\"><strong>1800 9398 <\/strong><\/span><\/li>\n<li>E-mail: <a href=\"mailto:noithat@diemnhan.net\" target=\"_blank\" rel=\"noopener\">noithat@diemnhan.net<\/a><\/li>\n<\/ul>\n<p style=\"text-align: justify;\">Nhanh ch\u00f3ng nh\u1ea5t l\u00e0 g\u1ecdi tr\u1ef1c ti\u1ebfp \u0111\u1ebfn s\u1ed1 hotline. Ho\u1eb7c b\u1ea1n c\u0169ng c\u00f3 th\u1ec3 \u0111\u1ec3 g\u1eedi y\u00eau c\u1ea7u \u0111\u1ebfn email ch\u0103m s\u00f3c kh\u00e1ch h\u00e0ng, chuy\u00ean vi\u00ean t\u01b0 v\u1ea5n s\u1ebd li\u00ean h\u1ec7 l\u1ea1i ngay.<\/p>\n\n\n           <div id=\"tuvan-modal\" class=\"btnTuVan btn-shortcode show__fadvise\" data-popup=\"show\">\r\n                <div class=\"title\">Refund 100% design fee when signing construction contract<\/div>\r\n                <div class=\"des\">Additional discount of 3% if contract value &gt; 150 million<\/div>\r\n                <img decoding=\"async\" src=\"https:\/\/cdn.diemnhangroup.com\/noithatdiemnhan\/2022\/11\/TU-VAN-NGAY.webp\" alt=\"TU VAN NGAY\">\r\n            <\/div>\r\n           \n\n<p style=\"text-align: justify;\">\u0110\u1ea7u ti\u00ean ch\u00ednh l\u00e0 trao \u0111\u1ed5i s\u01a1 b\u1ed9. Sau khi nh\u1eadn \u0111\u01b0\u1ee3c y\u00eau c\u1ea7u c\u1ee7a b\u1ea1n qua hotline ho\u1eb7c email, ch\u00fang t\u00f4i s\u1ebd h\u1eb9n g\u1eb7p tr\u1ef1c ti\u1ebfp \u0111\u1ec3 trao \u0111\u1ed5i s\u00e2u h\u01a1n. Chuy\u00ean vi\u00ean t\u01b0 v\u1ea5n s\u1ebd l\u1eafng nghe nhu c\u1ea7u c\u1ee7a b\u1ea1n, gi\u1edbi thi\u1ec7u s\u01a1 b\u1ed9 v\u1ec1 quy tr\u00ecnh l\u00e0m vi\u1ec7c v\u00e0 l\u00e0m r\u00f5 h\u01a1n m\u1ed9t s\u1ed1 th\u00f4ng tin. Ch\u00fang t\u00f4i c\u1ea7n bi\u1ebft v\u1ec1 h\u1ea1ng m\u1ee5c b\u1ea1n c\u1ea7n l\u00e0m, d\u1ef1 tr\u00f9 ng\u00e2n s\u00e1ch, phong c\u00e1ch thi\u1ebft k\u1ebf, ch\u1ea5t li\u1ec7u,&#8230; \u0111\u1ec3 \u0111\u01b0a ra gi\u1ea3i ph\u00e1p ph\u00f9 h\u1ee3p nh\u1ea5t.<\/p>\n<p style=\"text-align: justify;\">Sau \u0111\u00f3, chuy\u00ean gia thi\u1ebft k\u1ebf s\u1ebd \u0111\u1ebfn c\u00f4ng tr\u00ecnh c\u1ea7n thi c\u00f4ng n\u1ed9i th\u1ea5t \u0111\u1ec3 kh\u1ea3o s\u00e1t hi\u1ec7n tr\u1ea1ng, \u0111o \u0111\u1ea1c k\u00edch th\u01b0\u1edbc v\u00e0 t\u01b0 v\u1ea5n \u00fd t\u01b0\u1edfng thi c\u00f4ng s\u01a1 b\u1ed9. B\u00ean c\u1ea1nh \u0111\u00f3, chuy\u00ean vi\u00ean c\u1ee7a ch\u00fang t\u00f4i c\u0169ng ghi ch\u00fa l\u1ea1i nh\u1eefng y\u00eau c\u1ea7u kh\u00e1c v\u00e0 \u0111i\u1ec1u c\u1ea7n l\u01b0u ch\u01b0a \u0111\u01b0\u1ee3c \u0111\u1ec1 c\u1eadp trong bu\u1ed5i g\u1eb7p m\u1eb7t tr\u01b0\u1edbc \u0111\u00f3.<\/p>\n<p style=\"text-align: justify;\"><div class=\"container section-title-container\" ><h2 class=\"section-title section-title-normal\"><b><\/b><span class=\"section-title-main\" style=\"font-size:80%;color:rgb(28, 161, 175);\"><i class=\"icon-play\" ><\/i>B\u01b0\u1edbc 2: Th\u1ed1ng nh\u1ea5t ph\u01b0\u01a1ng \u00e1n thi\u1ebft k\u1ebf v\u00e0 k\u00fd k\u1ebft h\u1ee3p \u0111\u1ed3ng thi\u1ebft k\u1ebf<\/span><b><\/b><\/h2><\/div>\n<p style=\"text-align: justify;\">D\u1ef1a tr\u00ean nh\u1eefng \u00fd t\u01b0\u1edfng ban \u0111\u1ea7u, ch\u00fang t\u00f4i s\u1ebd v\u1ebd thi\u1ebft k\u1ebf m\u1eabu \u0111\u1ec3 g\u1eedi cho b\u1ea1n. N\u1ebfu h\u00e0i l\u00f2ng v\u1edbi b\u1ea3n thi\u1ebft k\u1ebf n\u00e0y, hai b\u00ean s\u1ebd k\u00fd k\u1ebft h\u1ee3p \u0111\u1ed3ng thi\u1ebft k\u1ebf. Ch\u00fang t\u00f4i s\u1ebd ti\u1ebfp t\u1ee5c ch\u1ec9nh s\u1eeda v\u00e0 ho\u00e0n thi\u1ec7n b\u1ea3n thi\u1ebft k\u1ebf theo y\u00eau c\u1ea7u c\u1ee7a b\u1ea1n.<\/p>\n<p style=\"text-align: justify;\"><div class=\"container section-title-container\" ><h2 class=\"section-title section-title-normal\"><b><\/b><span class=\"section-title-main\" style=\"font-size:80%;color:rgb(28, 161, 175);\"><i class=\"icon-play\" ><\/i>B\u01b0\u1edbc 3: G\u1eedi b\u1ea3n thi\u1ebft k\u1ebf, th\u1ed1ng nh\u1ea5t v\u00e0 k\u00fd k\u1ebft h\u1ee3p \u0111\u1ed3ng thi c\u00f4ng<\/span><b><\/b><\/h2><\/div>\n<p style=\"text-align: justify;\">Chuy\u00ean gia c\u1ee7a ch\u00fang t\u00f4i s\u1ebd b\u1eaft \u0111\u1ea7u ti\u1ebfn h\u00e0nh v\u1ebd thi\u1ebft k\u1ebf n\u1ed9i th\u1ea5t 2D v\u00e0 3D. Th\u1eddi gian ho\u00e0n thi\u1ec7n nh\u1eefng b\u1ea3n thi\u1ebft k\u1ebf \u0111\u1ea7u ti\u00ean l\u00e0 t\u1eeb 3 &#8211; 5 ng\u00e0y l\u00e0m vi\u1ec7c. N\u1ebfu thi\u1ebft k\u1ebf \u0111\u01b0\u1ee3c duy\u1ec7t, ch\u00fang t\u00f4i m\u1edbi k\u00fd k\u1ebft h\u1ee3p \u0111\u1ed3ng thi c\u00f4ng v\u1edbi b\u1ea1n. N\u1ebfu c\u1ea7n ch\u1ec9nh s\u1eeda, ch\u00fang t\u00f4i s\u1ebd ho\u00e0n thi\u1ec7n thi\u1ebft k\u1ebf theo y\u00eau c\u1ea7u c\u1ee7a b\u1ea1n.<\/p>\n<p style=\"text-align: justify;\">Ch\u00fang t\u00f4i s\u1ebd g\u1eedi \u0111\u1ebfn b\u1ea1n b\u1ea3n v\u1ebd ph\u1ed1i c\u1ea3nh \u0111\u1ec3 \u0111i\u1ec1u ch\u1ec9nh c\u00e1c y\u1ebfu t\u1ed1 nh\u01b0: v\u1ecb tr\u00ed n\u1ed9i th\u1ea5t, s\u1ea3n ph\u1ea9m n\u1ed9i th\u1ea5t \u0111\u01b0\u1ee3c s\u1eed d\u1ee5ng v\u00e0 b\u1ed1 c\u1ee5c kh\u00f4ng gian sao cho ph\u00f9 h\u1ee3p v\u1edbi cu\u1ed9c s\u1ed1ng gia \u0111\u00ecnh nh\u1ea5t. Trung b\u00ecnh th\u1eddi gian \u0111\u1ec3 ho\u00e0n th\u00e0nh qu\u00e1 tr\u00ecnh thi\u1ebft k\u1ebf l\u00e0 trong 7 ng\u00e0y l\u00e0m vi\u1ec7c. Kho\u1ea3ng th\u1eddi gian n\u00e0y c\u00f3 th\u1ec3 thay \u0111\u1ed5i t\u00f9y theo th\u1eddi \u0111i\u1ec3m v\u00e0 s\u1ed1 l\u01b0\u1ee3ng kh\u00e1ch h\u00e0ng c\u1ee7a ch\u00fang t\u00f4i.<\/p>\n<p style=\"text-align: justify;\">D\u1ef1 to\u00e1n v\u1eadt t\u01b0 s\u1ebd \u0111\u01b0\u1ee3c g\u1eedi k\u00e8m c\u00f9ng v\u1edbi thi\u1ebft k\u1ebf ho\u00e0n thi\u1ec7n. \u0110i\u1ec1u n\u00e0y s\u1ebd gi\u00fap b\u1ea1n c\u00f3 th\u1ec3 ki\u1ec3m so\u00e1t chi ph\u00ed t\u1ed1t h\u01a1n v\u00e0 \u0111i\u1ec1u ch\u1ec9nh l\u1ea1i ph\u01b0\u01a1ng \u00e1n thi c\u00f4ng sao cho ph\u00f9 h\u1ee3p v\u1edbi ng\u00e2n s\u00e1ch c\u1ee7a m\u00ecnh (n\u1ebfu c\u1ea7n thi\u1ebft). Chuy\u00ean vi\u00ean t\u01b0 v\u1ea5n s\u1ebd l\u00e0m vi\u1ec7c tr\u1ef1c ti\u1ebfp v\u1edbi b\u1ea1n \u0111\u1ec3 g\u1eedi b\u00e1o gi\u00e1 v\u00e0 th\u1ed1ng nh\u1ea5t v\u1ec1 ti\u1ebfn \u0111\u1ed9 thi c\u00f4ng.<\/p>\n<p style=\"text-align: justify;\"><div class=\"container section-title-container\" ><h2 class=\"section-title section-title-normal\"><b><\/b><span class=\"section-title-main\" style=\"font-size:80%;color:rgb(28, 161, 175);\"><i class=\"icon-play\" ><\/i>B\u01b0\u1edbc 4: Th\u1ef1c hi\u1ec7n s\u1ea3n xu\u1ea5t, thi c\u00f4ng v\u00e0 ho\u00e0n thi\u1ec7n c\u00f4ng tr\u00ecnh<\/span><b><\/b><\/h2><\/div>\n<p style=\"text-align: justify;\">Theo nh\u1eefng th\u00f4ng tin \u0111\u01b0\u1ee3c ch\u1ed1t c\u00f9ng chuy\u00ean vi\u00ean t\u01b0 v\u1ea5n, ch\u00fang t\u00f4i s\u1ebd k\u00fd k\u1ebft v\u1edbi b\u1ea1n h\u1ee3p \u0111\u1ed3ng thi c\u00f4ng n\u1ed9i th\u1ea5t tr\u1ecdn g\u00f3i. Chuy\u00ean gia s\u1ebd ti\u1ebfn h\u00e0nh \u0111o \u0111\u1ea1c k\u00edch th\u01b0\u1edbc th\u1ef1c t\u1ebf ch\u00ednh x\u00e1c \u0111\u1ec3 tri\u1ec3n khai s\u1ea3n xu\u1ea5t n\u1ed9i th\u1ea5t d\u1ef1a tr\u00ean b\u1ea3n v\u1ebd thi\u1ebft k\u1ebf.<\/p>\n<p style=\"text-align: justify;\">Y\u00eau c\u1ea7u \u0111\u01b0\u1ee3c \u0111\u01b0a \u0111\u1ebfn qu\u1ea3n l\u00fd nh\u00e0 x\u01b0\u1edfng, \u0111\u1ed9i ng\u0169 c\u1ee7a ch\u00fang t\u00f4i s\u1ebd ti\u1ebfn h\u00e0nh s\u1ea3n xu\u1ea5t n\u1ed9i th\u1ea5t. To\u00e0n b\u1ed9 quy tr\u00ecnh \u0111\u01b0\u1ee3c th\u1ef1c hi\u1ec7n b\u1edfi th\u1ee3 c\u00f3 tay ngh\u1ec1, \u0111\u01b0\u1ee3c gi\u1ea3m s\u00e1t ch\u1eb7t ch\u1ebd v\u00e0 v\u1eadt li\u1ec7u \u0111\u1ea7u v\u00e0o \u0111\u1ea3m b\u1ea3o ch\u1ea5t l\u01b0\u1ee3ng. Nh\u1edd \u0111\u00f3, s\u1ea3n ph\u1ea9m n\u1ed9i th\u1ea5t s\u1ebd \u0111\u1ea3m b\u1ea3o \u0111\u01b0\u1ee3c y\u00eau c\u1ea7u v\u1ec1 th\u1ea9m m\u1ef9 l\u1eabn c\u00f4ng n\u0103ng.<\/p>\n<p style=\"text-align: justify;\">Sau khi \u0111\u01b0\u1ee3c ho\u00e0n thi\u1ec7n, s\u1ea3n ph\u1ea9m n\u1ed9i th\u1ea5t \u0111\u01b0\u1ee3c \u0111\u00f3ng g\u00f3i \u0111\u00fang quy chu\u1ea9n \u0111\u1ec3 v\u1eadn chuy\u1ec3n \u0111\u1ebfn c\u00f4ng tr\u00ecnh. \u0110\u1ed9i ng\u0169 thi c\u00f4ng s\u1ebd ti\u1ebfn h\u00e0nh l\u1eafp \u0111\u1eb7t theo b\u1ea3n v\u1ebd trong kho\u1ea3ng th\u1eddi gian 7 ng\u00e0y l\u00e0m vi\u1ec7c.<\/p>\n<p style=\"text-align: justify;\"><div class=\"container section-title-container\" ><h2 class=\"section-title section-title-normal\"><b><\/b><span class=\"section-title-main\" style=\"font-size:80%;color:rgb(28, 161, 175);\"><i class=\"icon-play\" ><\/i>B\u01b0\u1edbc 5: Nghi\u1ec7m thu v\u00e0 b\u00e0n giao c\u00f4ng tr\u00ecnh<\/span><b><\/b><\/h2><\/div>\n<p style=\"text-align: justify;\">Khi c\u00f4ng tr\u00ecnh c\u01a1 b\u1ea3n \u0111\u01b0\u1ee3c ho\u00e0n th\u00e0nh, ch\u00fang t\u00f4i s\u1ebd ti\u1ebfn h\u00e0nh ki\u1ec3m tra l\u1ea1i l\u1ea7n n\u1eefa v\u00e0 x\u1eed l\u00fd chi ph\u00ed ph\u00e1t sinh th\u1ef1c t\u1ebf \u0111\u1ec3 l\u00e0m b\u00e1o c\u00e1o b\u00e0n giao cho kh\u00e1ch h\u00e0ng. B\u1ea1n s\u1ebd c\u00f3 \u0111\u01b0\u1ee3c m\u1ed9t kh\u00f4ng gian n\u1ed9i th\u1ea5t ho\u00e0n h\u1ea3o v\u1edbi chi ph\u00ed h\u1ee3p l\u00fd nh\u1ea5t.<\/p>\n<p style=\"text-align: justify;\">B\u00ean c\u1ea1nh nh\u1eefng quy\u1ec1n l\u1ee3i tr\u00ean, b\u1ea1n c\u0169ng c\u00f3 th\u1ec3 nh\u1eadn \u0111\u01b0\u1ee3c nh\u1eefng l\u1ee3i \u00edch kh\u00e1c nh\u01b0 h\u1ed7 tr\u1ee3 thi\u1ebft k\u1ebf si\u00eau t\u1ed1c 24 gi\u1edd, thanh to\u00e1n theo t\u1eebng \u0111\u1ee3t, v\u1eadn chuy\u1ec3n t\u1eadn n\u01a1i,&#8230; Ngo\u00e0i ra, b\u1ea1n c\u00f2n \u0111\u01b0\u1ee3c ch\u00fang t\u00f4i b\u1ea3o h\u00e0nh c\u00f4ng tr\u00ecnh trong v\u00f2ng 24 th\u00e1ng v\u00e0 h\u1ed7 tr\u1ee3 k\u1ef9 thu\u1eadt trong v\u00f2ng 5 th\u00e1ng.<\/p>\n<p style=\"text-align: justify;\">V\u1edbi \u0111\u1ed9i ng\u0169 \u0111\u01b0\u1ee3c \u0111\u00e0o t\u1ea1o chuy\u00ean nghi\u1ec7p, ch\u00fang t\u00f4i mong mu\u1ed1n \u0111\u01b0\u1ee3c mang \u0111\u1ebfn cho kh\u00e1ch h\u00e0ng nh\u1eefng tr\u1ea3i nghi\u1ec7m d\u1ecbch v\u1ee5 ho\u00e0n h\u1ea3o nh\u1ea5t. Chuy\u00ean vi\u00ean t\u01b0 v\u1ea5n c\u1ee7a ch\u00fang t\u00f4i v\u1eefng ki\u1ebfn th\u1ee9c chuy\u00ean m\u00f4n nh\u1edd \u0111\u01b0\u1ee3c \u0111\u00e0o t\u1ea1o b\u00e0i b\u1ea3n s\u1ebd gi\u00fap mang \u0111\u1ebfn cho b\u1ea1n ph\u01b0\u01a1ng \u00e1n thi\u1ebft k\u1ebf, thi c\u00f4ng n\u1ed9i th\u1ea5t ph\u00f9 h\u1ee3p v\u00e0 ti\u1ebft ki\u1ec7m nh\u1ea5t. \u0110\u1ed3ng th\u1eddi, ch\u00fang t\u00f4i c\u0169ng lu\u00f4n l\u1eafng nghe \u00fd ki\u1ebfn g\u00f3p \u00fd t\u1eeb ph\u00eda kh\u00e1ch h\u00e0ng \u0111\u1ec3 c\u1ea3i ti\u1ebfn d\u1ecbch v\u1ee5 theo h\u01b0\u1edbng t\u1ed1t h\u01a1n.<\/p>\n<p style=\"text-align: justify;\">C\u00f2n ch\u1ea7n ch\u1eeb g\u00ec n\u1eefa m\u00e0 kh\u00f4ng li\u00ean h\u1ec7 qua hotline: <span style=\"color: #ed1c24; font-size: 14pt;\"><strong>1800 9398<\/strong><\/span> ho\u1eb7c email: <a href=\"mailto:noithat@diemnhan.net\" target=\"_blank\" rel=\"noopener\">noithat@diemnhan.net<\/a> ngay \u0111\u1ec3 \u0111\u01b0\u1ee3c chuy\u00ean vi\u00ean c\u1ee7a <a href=\"https:\/\/noithatdiemnhan.vn\/en\/\"><strong>Interior Highlights<\/strong><\/a> t\u01b0 v\u1ea5n mi\u1ec5n ph\u00ed. V\u1edbi quy tr\u00ecnh l\u00e0m vi\u1ec7c r\u00f5 r\u00e0ng, b\u1ea1n s\u1ebd c\u00f3 \u0111\u01b0\u1ee3c m\u1ed9t kh\u00f4ng gian n\u1ed9i th\u1ea5t ho\u00e0n h\u1ea3o v\u1edbi chi ph\u00ed h\u1ee3p l\u00fd nh\u1ea5t.<\/p>\n\t<div id=\"text-2389365333\" class=\"text no-background\">\n\t\t\n\n<p><a id=\"thietke-modal\" class=\"btnTuVan show__fadvise\" data-popup=\"show\"><br \/>\n<img decoding=\"async\" class=\"alignnone size-full wp-image-24045 aligncenter\" src=\"https:\/\/cdn.diemnhangroup.com\/noithatdiemnhan\/2023\/01\/LIEN-HE-NGAY.png\" alt=\"\" width=\"180\" height=\"60\" \/><br \/>\n<\/a><\/p>\n\n\t\t\n<style>\n#text-2389365333 {\n  text-align: center;\n}\n<\/style>\n\t<\/div>\n\t\n<p style=\"text-align: justify;\">\t\t<\/div>\n\t\t\t\t\t<\/div>\n\n\t\n<p style=\"text-align: justify;\"><\/div>\n<div class=\"text-center\"><div class=\"is-divider divider clearfix\" style=\"max-width:300px;background-color:rgb(76, 161, 175);\"><\/div><\/div>\n<p style=\"text-align: justify;\">\t\t<\/div>\n\n\t\t\n<style>\n#section_792934589 {\n  padding-top: 30px;\n  padding-bottom: 30px;\n}\n<\/style>\n\t<\/section>","protected":false},"excerpt":{"rendered":"","protected":false},"author":15,"featured_media":0,"parent":0,"menu_order":0,"comment_status":"closed","ping_status":"closed","template":"","meta":{"_acf_changed":false,"_sitemap_exclude":false,"_sitemap_priority":"","_sitemap_frequency":"","footnotes":""},"class_list":["post-445","page","type-page","status-publish","hentry"],"acf":[],"_links":{"self":[{"href":"https:\/\/noithatdiemnhan.vn\/en\/wp-json\/wp\/v2\/pages\/445","targetHints":{"allow":["GET"]}}],"collection":[{"href":"https:\/\/noithatdiemnhan.vn\/en\/wp-json\/wp\/v2\/pages"}],"about":[{"href":"https:\/\/noithatdiemnhan.vn\/en\/wp-json\/wp\/v2\/types\/page"}],"author":[{"embeddable":true,"href":"https:\/\/noithatdiemnhan.vn\/en\/wp-json\/wp\/v2\/users\/15"}],"replies":[{"embeddable":true,"href":"https:\/\/noithatdiemnhan.vn\/en\/wp-json\/wp\/v2\/comments?post=445"}],"version-history":[{"count":24,"href":"https:\/\/noithatdiemnhan.vn\/en\/wp-json\/wp\/v2\/pages\/445\/revisions"}],"predecessor-version":[{"id":71042,"href":"https:\/\/noithatdiemnhan.vn\/en\/wp-json\/wp\/v2\/pages\/445\/revisions\/71042"}],"wp:attachment":[{"href":"https:\/\/noithatdiemnhan.vn\/en\/wp-json\/wp\/v2\/media?parent=445"}],"curies":[{"name":"wp","href":"https:\/\/api.w.org\/{rel}","templated":true}]}}